{"id":24,"date":"2026-04-09T23:26:16","date_gmt":"2026-04-09T23:26:16","guid":{"rendered":"https:\/\/138.68.85.162\/?post_type=product&#038;p=24"},"modified":"2026-04-10T06:05:29","modified_gmt":"2026-04-10T06:05:29","slug":"ziepes-dove-gentle-exfoliating-90g","status":"publish","type":"product","link":"https:\/\/kate-beautynow.com\/?product=ziepes-dove-gentle-exfoliating-90g","title":{"rendered":"Ziepes &#8220;Dove&#8221; Gentle Exfoliating, 90g"},"content":{"rendered":"<p>Dove Gentle Exfoliating ir pH neitr\u0101las kr\u0113mziepes, kas piem\u0113rotas roku, \u0137erme\u0146a un sejas mazg\u0101\u0161anai. Dove ziepes ar \u00bc da\u013cu mitrino\u0161a kr\u0113ma, at\u0161\u0137ir\u012bb\u0101 no parastaj\u0101m ziep\u0113m, nesausina \u0101du, turkl\u0101t neitr\u0101lais pH l\u012bmenis pal\u012bdz uztur\u0113t nepiecie\u0161amo \u0101das mitrin\u0101\u0161anas l\u012bmeni ar\u012b p\u0113c mazg\u0101\u0161anas.<\/p>\n<p>Sast\u0101vs: SODIUM LAUROYL ISETHIONATE, STEARIC ACID, LAURIC ACID, SODIUM PALMATE, AQUA, SODIUM ISETHIONATE, SODIUM STEARATE, COCAMIDOPROPYL BETAINE, PARFUM, SODIUM PALM KERNELATE, GLYCERIN, SODIUM CHLORIDE, CERA MICROCRISTALLINA, ZINC OXIDE, TETRASODIUM EDTA, TETRASODIUM ETIDRONATE, ALPHA-ISOMETHYL IONONE, BENZYL ALCOHOL, CITRONELLOL, COUMARIN, HEXYL CINNAMAL, LIMONENE, LINALOOL, CI 42090, CI 77891<\/p>\n","protected":false},"excerpt":{"rendered":"<p>Dove Gentle Exfoliating ir pH neitr\u0101las kr\u0113mziepes, kas piem\u0113rotas roku, \u0137erme\u0146a un sejas mazg\u0101\u0161anai.<\/p>\n","protected":false},"featured_media":25,"comment_status":"open","ping_status":"closed","template":"","meta":[],"product_brand":[],"product_cat":[16,33],"product_tag":[20,34],"class_list":{"0":"post-24","1":"product","2":"type-product","3":"status-publish","4":"has-post-thumbnail","6":"product_cat-kermena-kopsana","7":"product_cat-ziepes","8":"product_tag-dove","9":"product_tag-ziepes","11":"first","12":"instock","13":"sale","14":"taxable","15":"shipping-taxable","16":"purchasable","17":"product-type-simple"},"_links":{"self":[{"href":"https:\/\/kate-beautynow.com\/index.php?rest_route=\/wp\/v2\/product\/24","targetHints":{"allow":["GET"]}}],"collection":[{"href":"https:\/\/kate-beautynow.com\/index.php?rest_route=\/wp\/v2\/product"}],"about":[{"href":"https:\/\/kate-beautynow.com\/index.php?rest_route=\/wp\/v2\/types\/product"}],"replies":[{"embeddable":true,"href":"https:\/\/kate-beautynow.com\/index.php?rest_route=%2Fwp%2Fv2%2Fcomments&post=24"}],"wp:featuredmedia":[{"embeddable":true,"href":"https:\/\/kate-beautynow.com\/index.php?rest_route=\/wp\/v2\/media\/25"}],"wp:attachment":[{"href":"https:\/\/kate-beautynow.com\/index.php?rest_route=%2Fwp%2Fv2%2Fmedia&parent=24"}],"wp:term":[{"taxonomy":"product_brand","embeddable":true,"href":"https:\/\/kate-beautynow.com\/index.php?rest_route=%2Fwp%2Fv2%2Fproduct_brand&post=24"},{"taxonomy":"product_cat","embeddable":true,"href":"https:\/\/kate-beautynow.com\/index.php?rest_route=%2Fwp%2Fv2%2Fproduct_cat&post=24"},{"taxonomy":"product_tag","embeddable":true,"href":"https:\/\/kate-beautynow.com\/index.php?rest_route=%2Fwp%2Fv2%2Fproduct_tag&post=24"}],"curies":[{"name":"wp","href":"https:\/\/api.w.org\/{rel}","templated":true}]}}