{"id":22,"date":"2026-04-09T23:18:41","date_gmt":"2026-04-09T23:18:41","guid":{"rendered":"https:\/\/138.68.85.162\/?post_type=product&#038;p=22"},"modified":"2026-04-10T05:10:48","modified_gmt":"2026-04-10T05:10:48","slug":"dusas-zeleja-viriesiem-nivea-men-active-clean-500ml","status":"publish","type":"product","link":"https:\/\/kate-beautynow.com\/?product=dusas-zeleja-viriesiem-nivea-men-active-clean-500ml","title":{"rendered":"Du\u0161as \u017eeleja v\u012brie\u0161iem NIVEA MEN Active Clean, 500ml"},"content":{"rendered":"<p>Aktiviz\u0113jo\u0161a du\u0161as \u017eeleja v\u012brie\u0161iem.<br \/>\nInovat\u012bv\u0101 formula ar dab\u012bgo aktiv\u0113to ogli darbojas k\u0101 net\u012brumu magn\u0113ts, piln\u012bb\u0101 att\u012brot \u0101du, bet nepadarot to sausu. Maig\u0101 \u017eeleja ar v\u012bri\u0161\u0137\u012bgo arom\u0101tu mazg\u0101joties p\u0101rv\u0113r\u0161as kopjo\u0161\u0101s put\u0101s.<br \/>\nDu\u0161as \u017eeleja piem\u0113rota v\u012brie\u0161iem, kuri v\u0113las sasniegt nevainojamu t\u012br\u012bbu un sajust atjaunotu ener\u0123ijas devu, \u013caujot \u0101dai justies atdz\u012bvin\u0101tai un apr\u016bp\u0113tai. Dermatolo\u0123iski test\u0113ta.<\/p>\n<p>Sast\u0101vs:<\/p>\n","protected":false},"excerpt":{"rendered":"<p>Aktiviz\u0113jo\u0161a du\u0161as \u017eeleja v\u012brie\u0161iem.<\/p>\n","protected":false},"featured_media":70,"comment_status":"open","ping_status":"closed","template":"","meta":[],"product_brand":[],"product_cat":[17,16],"product_tag":[21,32],"class_list":{"0":"post-22","1":"product","2":"type-product","3":"status-publish","4":"has-post-thumbnail","6":"product_cat-dusas-zeleja","7":"product_cat-kermena-kopsana","8":"product_tag-dusas-zeleja","9":"product_tag-nivea","11":"first","12":"instock","13":"taxable","14":"shipping-taxable","15":"purchasable","16":"product-type-simple"},"_links":{"self":[{"href":"https:\/\/kate-beautynow.com\/index.php?rest_route=\/wp\/v2\/product\/22","targetHints":{"allow":["GET"]}}],"collection":[{"href":"https:\/\/kate-beautynow.com\/index.php?rest_route=\/wp\/v2\/product"}],"about":[{"href":"https:\/\/kate-beautynow.com\/index.php?rest_route=\/wp\/v2\/types\/product"}],"replies":[{"embeddable":true,"href":"https:\/\/kate-beautynow.com\/index.php?rest_route=%2Fwp%2Fv2%2Fcomments&post=22"}],"wp:featuredmedia":[{"embeddable":true,"href":"https:\/\/kate-beautynow.com\/index.php?rest_route=\/wp\/v2\/media\/70"}],"wp:attachment":[{"href":"https:\/\/kate-beautynow.com\/index.php?rest_route=%2Fwp%2Fv2%2Fmedia&parent=22"}],"wp:term":[{"taxonomy":"product_brand","embeddable":true,"href":"https:\/\/kate-beautynow.com\/index.php?rest_route=%2Fwp%2Fv2%2Fproduct_brand&post=22"},{"taxonomy":"product_cat","embeddable":true,"href":"https:\/\/kate-beautynow.com\/index.php?rest_route=%2Fwp%2Fv2%2Fproduct_cat&post=22"},{"taxonomy":"product_tag","embeddable":true,"href":"https:\/\/kate-beautynow.com\/index.php?rest_route=%2Fwp%2Fv2%2Fproduct_tag&post=22"}],"curies":[{"name":"wp","href":"https:\/\/api.w.org\/{rel}","templated":true}]}}