{"id":20,"date":"2026-04-09T23:12:29","date_gmt":"2026-04-09T23:12:29","guid":{"rendered":"https:\/\/138.68.85.162\/?post_type=product&#038;p=20"},"modified":"2026-04-10T05:17:39","modified_gmt":"2026-04-10T05:17:39","slug":"zobu-pasta-colgate-max-white-charcoal-75ml","status":"publish","type":"product","link":"https:\/\/kate-beautynow.com\/?product=zobu-pasta-colgate-max-white-charcoal-75ml","title":{"rendered":"Zobu pasta Colgate Max White Charcoal, 75ml"},"content":{"rendered":"<p>Apburo\u0161i balts smaids vienm\u0113r ir mod\u0113, tas ir skaistuma z\u012bme un vesel\u012bgu zobu un smaganu r\u0101d\u012bt\u0101js. J\u016bsu zobu emaljas st\u0101vokli ietekm\u0113 daudzi faktori, un to uztur\u0113t piln\u012bb\u0101 baltu var b\u016bt diezgan izaicino\u0161i. Colgate Max White Charcoal ir unik\u0101la formula, kas balst\u012bta uz aktiv\u0113to kokogli, izstr\u0101d\u0101ta tiem, kuri tiecas p\u0113c k\u013c\u016bdainas, sniegaini baltas Holivudas smaida. Zobu pasta nodro\u0161ina \u012bpa\u0161i r\u016bp\u012bgu t\u012br\u012b\u0161anu un, regul\u0101ri lietojot, pal\u012bdz samazin\u0101t zobu kr\u0101sas intensit\u0101ti, atst\u0101jot j\u016bs ar svaiguma un komforta saj\u016btu.<\/p>\n<p><strong>Colgate Max White Charcoal \u012bpa\u0161\u012bbas:<\/strong><\/p>\n<p><em>&#8211; Formula ar aktiv\u0113t\u0101s kokogles saturu;<\/em><br \/>\n<em>&#8211; nodro\u0161ina \u012bpa\u0161i r\u016bp\u012bgu t\u012br\u012b\u0161anu;<\/em><br \/>\n<em>&#8211; Efekt\u012bvi no\u0146em bakt\u0113riju pl\u0101ksni;<\/em><br \/>\n<em>&#8211; Samazina kariesa risku;<\/em><br \/>\n<em>&#8211; Ietver komponentus intens\u012bvai zobu emaljas balin\u0101\u0161anai;<\/em><br \/>\n<em>&#8211; Pal\u012bdz samazin\u0101t zobu kr\u0101sas intensit\u0101ti regul\u0101ri lietojot;<\/em><br \/>\n<em>&#8211; Atsvaidzina elpu;<\/em><br \/>\n<em>&#8211; Nov\u0113r\u0161 sliktas elpas smakas;<\/em><br \/>\n<em>&#8211; Ekonomisks lieto\u0161an\u0101;<\/em><br \/>\n<em>&#8211; Piem\u0113rots r\u012bta un vakara mutes higi\u0113nas rut\u012bnai.<\/em><\/p>\n<p>Sast\u0101vs: Aqua, Sorbitol, Hydrated Silica, PEG-12, Tetrapotassium Pyrophosphate, Sodium Lauryl Sulfate, Aroma, Potassium Hydroxide, Cellulose Gum, Phosphoric Acid, Cocamidopropyl Betaine, Sodium Fluoride, Sodium Saccharin, Xanthan Gum, Charcoal Powder, Limonene. Contains: Sodium Fluoride Total Fluoride content: 1450 ppm.<\/p>\n","protected":false},"excerpt":{"rendered":"<p>Apburo\u0161i balts smaids vienm\u0113r ir mod\u0113, tas ir skaistuma z\u012bme un vesel\u012bgu zobu un smaganu r\u0101d\u012bt\u0101js.<\/p>\n","protected":false},"featured_media":72,"comment_status":"open","ping_status":"closed","template":"","meta":[],"product_brand":[],"product_cat":[19,29],"product_tag":[31,30],"class_list":{"0":"post-20","1":"product","2":"type-product","3":"status-publish","4":"has-post-thumbnail","6":"product_cat-orala-higiena","7":"product_cat-zobu-pastas","8":"product_tag-colgate","9":"product_tag-zobu-pasta","11":"first","12":"instock","13":"sale","14":"taxable","15":"shipping-taxable","16":"purchasable","17":"product-type-simple"},"_links":{"self":[{"href":"https:\/\/kate-beautynow.com\/index.php?rest_route=\/wp\/v2\/product\/20","targetHints":{"allow":["GET"]}}],"collection":[{"href":"https:\/\/kate-beautynow.com\/index.php?rest_route=\/wp\/v2\/product"}],"about":[{"href":"https:\/\/kate-beautynow.com\/index.php?rest_route=\/wp\/v2\/types\/product"}],"replies":[{"embeddable":true,"href":"https:\/\/kate-beautynow.com\/index.php?rest_route=%2Fwp%2Fv2%2Fcomments&post=20"}],"wp:featuredmedia":[{"embeddable":true,"href":"https:\/\/kate-beautynow.com\/index.php?rest_route=\/wp\/v2\/media\/72"}],"wp:attachment":[{"href":"https:\/\/kate-beautynow.com\/index.php?rest_route=%2Fwp%2Fv2%2Fmedia&parent=20"}],"wp:term":[{"taxonomy":"product_brand","embeddable":true,"href":"https:\/\/kate-beautynow.com\/index.php?rest_route=%2Fwp%2Fv2%2Fproduct_brand&post=20"},{"taxonomy":"product_cat","embeddable":true,"href":"https:\/\/kate-beautynow.com\/index.php?rest_route=%2Fwp%2Fv2%2Fproduct_cat&post=20"},{"taxonomy":"product_tag","embeddable":true,"href":"https:\/\/kate-beautynow.com\/index.php?rest_route=%2Fwp%2Fv2%2Fproduct_tag&post=20"}],"curies":[{"name":"wp","href":"https:\/\/api.w.org\/{rel}","templated":true}]}}