{"id":18,"date":"2026-04-09T23:06:00","date_gmt":"2026-04-09T23:06:00","guid":{"rendered":"https:\/\/138.68.85.162\/?post_type=product&#038;p=18"},"modified":"2026-04-10T05:18:22","modified_gmt":"2026-04-10T05:18:22","slug":"kondicionieris-elseve-dream-long-400ml","status":"publish","type":"product","link":"https:\/\/kate-beautynow.com\/?product=kondicionieris-elseve-dream-long-400ml","title":{"rendered":"Kondicionieris ELSEVE Dream Long, 400ml"},"content":{"rendered":"<p>Dream Long kondicionieris acumirkl\u012b nov\u0113rs\u012bs matu mezglo\u0161anos: purini, virpini tos pirkstos, sasien ast\u0113 vai atsien un mati nel\u016bz\u012bs. Izstr\u0101d\u0101t\u0101 sast\u0101va pamat\u0101 ir sp\u0113c\u012bga kombin\u0101cija: augu kerat\u012bns atjauno matus no sakn\u0113m l\u012bdz matu galiem, vitam\u012bni padara tos stipr\u0101kus*, r\u012bcine\u013c\u013ca baro matus, pie\u0161\u0137ir tiem mirdzumu, pal\u012bdzot saglab\u0101t garumu.<br \/>\nPadoms garu matu \u012bpa\u0161niec\u0113m: kondicionieri lieto tikai matu vidusda\u013c\u0101 un galos, lai netaukotu galvas \u0101du.<br \/>\nJaunais iepakojums ir 100% izgatavots no otrreiz p\u0101rstr\u0101d\u0101tas plastmasas** un ir 100% p\u0101rstr\u0101d\u0101jams.<\/p>\n<p>*Instrument\u0101lais tests p\u0113c vair\u0101k\u0101m lieto\u0161anas reiz\u0113m.<br \/>\n**Iz\u0146emot v\u0101ci\u0146u un kr\u0101svielas.<\/p>\n<p>Sast\u0101vs: AQUA \/ WATER, CETEARYL ALCOHOL, STEARAMIDOPROPYL DIMETHYLAMINE, ISOPROPYL MYRISTATE, CETYL ESTERS, PARFUM \/ FRAGRANCE, HELIANTHUS ANNUUS SEED OIL \/ SUNFLOWER SEED OIL, RICINUS COMMUNIS SEED OIL \/ CASTOR SEED OIL, SODIUM CHLORIDE, HYDROXYCITRONELLAL, HYDROLYZED WHEAT PROTEIN, HYDROLYZED CORN PROTEIN, HYDROLYZED SOY PROTEIN, PHENOXYETHANOL, LIMONENE, BENZOIC ACID, BENZYL SALICYLATE, LINALOOL, BENZYL ALCOHOL, CAPRYLYL GLYCOL, ALPHA-ISOMETHYL IONONE, TARTARIC ACID, GERANIOL, CITRONELLOL, COUMARIN, HEXYL CINNAMAL (F.I.L. Z70045916\/1).<\/p>\n<p>Uzman\u012bbu!<br \/>\nJa produkts nok\u013c\u016bst ac\u012bs, nekav\u0113joties izskalot t\u0101s ar \u016bdeni. Sarg\u0101t no b\u0113rniem.<\/p>\n","protected":false},"excerpt":{"rendered":"<p>Dream Long kondicionieris acumirkl\u012b nov\u0113rs\u012bs matu mezglo\u0161anos: purini, virpini tos pirkstos, sasien ast\u0113 vai atsien un mati nel\u016bz\u012bs.<\/p>\n","protected":false},"featured_media":71,"comment_status":"open","ping_status":"closed","template":"","meta":[],"product_brand":[],"product_cat":[26,18],"product_tag":[28,27],"class_list":{"0":"post-18","1":"product","2":"type-product","3":"status-publish","4":"has-post-thumbnail","6":"product_cat-kondicionieri","7":"product_cat-matu-kopsana","8":"product_tag-elseve","9":"product_tag-kondicionieris","11":"first","12":"instock","13":"taxable","14":"shipping-taxable","15":"purchasable","16":"product-type-simple"},"_links":{"self":[{"href":"https:\/\/kate-beautynow.com\/index.php?rest_route=\/wp\/v2\/product\/18","targetHints":{"allow":["GET"]}}],"collection":[{"href":"https:\/\/kate-beautynow.com\/index.php?rest_route=\/wp\/v2\/product"}],"about":[{"href":"https:\/\/kate-beautynow.com\/index.php?rest_route=\/wp\/v2\/types\/product"}],"replies":[{"embeddable":true,"href":"https:\/\/kate-beautynow.com\/index.php?rest_route=%2Fwp%2Fv2%2Fcomments&post=18"}],"wp:featuredmedia":[{"embeddable":true,"href":"https:\/\/kate-beautynow.com\/index.php?rest_route=\/wp\/v2\/media\/71"}],"wp:attachment":[{"href":"https:\/\/kate-beautynow.com\/index.php?rest_route=%2Fwp%2Fv2%2Fmedia&parent=18"}],"wp:term":[{"taxonomy":"product_brand","embeddable":true,"href":"https:\/\/kate-beautynow.com\/index.php?rest_route=%2Fwp%2Fv2%2Fproduct_brand&post=18"},{"taxonomy":"product_cat","embeddable":true,"href":"https:\/\/kate-beautynow.com\/index.php?rest_route=%2Fwp%2Fv2%2Fproduct_cat&post=18"},{"taxonomy":"product_tag","embeddable":true,"href":"https:\/\/kate-beautynow.com\/index.php?rest_route=%2Fwp%2Fv2%2Fproduct_tag&post=18"}],"curies":[{"name":"wp","href":"https:\/\/api.w.org\/{rel}","templated":true}]}}