{"id":16,"date":"2026-04-09T23:01:30","date_gmt":"2026-04-09T23:01:30","guid":{"rendered":"https:\/\/138.68.85.162\/?post_type=product&#038;p=16"},"modified":"2026-04-10T02:14:17","modified_gmt":"2026-04-10T02:14:17","slug":"sampuns-matiem-syoss-intense-repair-440ml","status":"publish","type":"product","link":"https:\/\/kate-beautynow.com\/?product=sampuns-matiem-syoss-intense-repair-440ml","title":{"rendered":"\u0160amp\u016bns matiem SYOSS Intense Repair, 440ml"},"content":{"rendered":"<p>\u0160amp\u016bns ar dzi\u013ci kopjo\u0161u formulu, kas satur 3% prote\u012bna kopjo\u0161o kompleksu, sp\u0113cina matus no iek\u0161ienes, lai tie viscaur b\u016btu skaisti un izskat\u012btos vesel\u012bgi. \u0160is \u0161amp\u016bns atjauno sausus, boj\u0101tus matus un matu \u0161\u0137iedras visos l\u012bme\u0146os, vienlaikus pasarg\u0101jot tos no turpm\u0101kiem boj\u0101jumiem. 88% \u0161amp\u016bna sast\u0101vda\u013cu ir dabiskas izcelsmes*. \u0160amp\u016bna pudele ir izgatavota no 100% p\u0101rstr\u0101d\u0101tiem materi\u0101liem**.<\/p>\n<p>*Tostarp 79% \u016bdens.<br \/>\n**Pudeles korpuss, iz\u0146emot v\u0101ci\u0146u un eti\u0137eti.<\/p>\n<p>Sast\u0101vs: Aqua (Water, Eau), Sodium Laureth Sulfate, Cocamidopropyl Betaine, Sodium Chloride, PEG-7 Glyceryl Cocoate, Hydrolyzed Keratin, Hydrolyzed Soy Protein, Dimethicone, Sodium Benzoate, Parfum (Fragrance), Citric Acid, Amodimethicone, Guar Hydroxypropyltrimonium Chloride, Hydrogenated Castor Oil, Glycol Distearate, Laureth-4, PEG-40 Hydrogenated Castor Oil, PEG-120 Methyl Glucose Dioleate, Benzyl Salicylate, Laureth-23, Hexyl Cinnamal, Prunus Armeniaca (Apricot) Kernel Oil, Trideceth-10, Sodium Hydroxide, Citronellol, Tetramethyl Acetyloctahydronaphthalenes, Propylene Glycol, Limonene, Linalyl Acetate, Phenoxyethanol, Sodium Salicylate.<\/p>\n","protected":false},"excerpt":{"rendered":"<p>\u0160amp\u016bns ar dzi\u013ci kopjo\u0161u formulu, kas satur 3% prote\u012bna kopjo\u0161o kompleksu, sp\u0113cina matus no iek\u0161ienes, lai tie viscaur b\u016btu skaisti un izskat\u012btos vesel\u012bgi.<\/p>\n","protected":false},"featured_media":73,"comment_status":"open","ping_status":"closed","template":"","meta":[],"product_brand":[],"product_cat":[18,23],"product_tag":[24,25],"class_list":{"0":"post-16","1":"product","2":"type-product","3":"status-publish","4":"has-post-thumbnail","6":"product_cat-matu-kopsana","7":"product_cat-sampuni","8":"product_tag-sampuns","9":"product_tag-syoss","11":"first","12":"instock","13":"sale","14":"taxable","15":"shipping-taxable","16":"purchasable","17":"product-type-simple"},"_links":{"self":[{"href":"https:\/\/kate-beautynow.com\/index.php?rest_route=\/wp\/v2\/product\/16","targetHints":{"allow":["GET"]}}],"collection":[{"href":"https:\/\/kate-beautynow.com\/index.php?rest_route=\/wp\/v2\/product"}],"about":[{"href":"https:\/\/kate-beautynow.com\/index.php?rest_route=\/wp\/v2\/types\/product"}],"replies":[{"embeddable":true,"href":"https:\/\/kate-beautynow.com\/index.php?rest_route=%2Fwp%2Fv2%2Fcomments&post=16"}],"wp:featuredmedia":[{"embeddable":true,"href":"https:\/\/kate-beautynow.com\/index.php?rest_route=\/wp\/v2\/media\/73"}],"wp:attachment":[{"href":"https:\/\/kate-beautynow.com\/index.php?rest_route=%2Fwp%2Fv2%2Fmedia&parent=16"}],"wp:term":[{"taxonomy":"product_brand","embeddable":true,"href":"https:\/\/kate-beautynow.com\/index.php?rest_route=%2Fwp%2Fv2%2Fproduct_brand&post=16"},{"taxonomy":"product_cat","embeddable":true,"href":"https:\/\/kate-beautynow.com\/index.php?rest_route=%2Fwp%2Fv2%2Fproduct_cat&post=16"},{"taxonomy":"product_tag","embeddable":true,"href":"https:\/\/kate-beautynow.com\/index.php?rest_route=%2Fwp%2Fv2%2Fproduct_tag&post=16"}],"curies":[{"name":"wp","href":"https:\/\/api.w.org\/{rel}","templated":true}]}}