{"id":13,"date":"2026-04-09T22:10:02","date_gmt":"2026-04-09T22:10:02","guid":{"rendered":"https:\/\/138.68.85.162\/?post_type=product&#038;p=13"},"modified":"2026-04-10T05:31:17","modified_gmt":"2026-04-10T05:31:17","slug":"dusas-zeleja-dove-replenishing-400ml","status":"publish","type":"product","link":"https:\/\/kate-beautynow.com\/?product=dusas-zeleja-dove-replenishing-400ml","title":{"rendered":"Du\u0161as \u017eeleja &#8220;Dove&#8221; Replenishing, 400ml"},"content":{"rendered":"<p>Dove Advanced Care Replenishing du\u0161as \u017eeleja ir rad\u012bta ar 24 stundu atjaunojo\u0161u MicroMoisture tehnolo\u0123iju. Revolucion\u0101r\u0101 jaun\u0101 Dove tehnolo\u0123ija, kas uzkl\u0101j miljoniem s\u012bku, bet sp\u0113c\u012bgi mitrino\u0161u pilienu, kas nenoskalojas, bet dzi\u013ci uzs\u016bcas un nep\u0101rtraukti darbojas ar \u0101das dabisko atjauno\u0161an\u0101s procesu, lai stiprin\u0101tu t\u0101s aizsargbarjeru un pal\u012bdz\u0113tu saglab\u0101t mitrumu pat p\u0113c mazg\u0101\u0161an\u0101s.<br \/>\n\u0160\u012b mitrino\u0161\u0101 du\u0161as \u017eeleja pal\u012bdz p\u0101rv\u0113rst katru mazg\u0101\u0161an\u0101s reizi par r\u016bp\u0113m par sevi, sniedzot papildus 24 stundas ar kr\u0113m\u012bgi maigu \u0101du. Formul\u0101 tiek izmantotas dabiski ieg\u016btas maigas sast\u0101vda\u013cas un \u0101das dabisko uzturvielu mais\u012bjums, lai maigi att\u012br\u012btu \u0101du un barotu t\u0101s mikrobiomu.<br \/>\nDu\u0161as \u017eeleja ir bez sulf\u0101tiem SLES, tai ir 98%* biolo\u0123iski no\u0101rd\u0101mas sast\u0101vda\u013cas, t\u0101 ir iepakota 100% p\u0101rstr\u0101d\u0101t\u0101s plastmasas pudel\u0113s** un ir PETA Vegan apstiprin\u0101ta.<\/p>\n<p>*98% sast\u0101vda\u013cu sadal\u0101s oglek\u013ca dioks\u012bd\u0101, \u016bden\u012b un miner\u0101lviel\u0101s (OECD test\u0113\u0161anas metodes 301,302 un\/vai 310)<br \/>\n**Pudele bez v\u0101ci\u0146a un eti\u0137etes.<\/p>\n<p>Sast\u0101vs: Aqua, Cocamidopropyl Betaine, Sodium Lauroyl Isethionate, Glycerin, Sodium Benzoate, Sodium Chloride, Parfum, Carbomer, Lauric Acid, Glycol Distearate, Caprylyl Glycol, Sodium Hydroxide, Sodium Lauroyl Glycinate, Stearic Acid, Sodium Isethionate, PEG-150 Pentaerythrityl Tetrastearate, Palmitic Acid, PPG-6, PPG-2 Hydroxyethyl Cocamide, Sodium Gluconate, Propylene Glycol, Caprylic Acid, Hydroxystearic Acid, Hydrogenated Vegetable Glycerides, Citric Acid, Sodium Methyl Lauroyl Taurate, Hylocereus Undatus Fruit Extract, Cocos Nucifera Fruit Extract, Coumarin.<\/p>\n","protected":false},"excerpt":{"rendered":"<p>Dove Advanced Care Replenishing du\u0161as \u017eeleja ir rad\u012bta ar 24 stundu atjaunojo\u0161u MicroMoisture tehnolo\u0123iju.<\/p>\n","protected":false},"featured_media":74,"comment_status":"open","ping_status":"closed","template":"","meta":[],"product_brand":[],"product_cat":[17,16,15],"product_tag":[20,21],"class_list":{"0":"post-13","1":"product","2":"type-product","3":"status-publish","4":"has-post-thumbnail","6":"product_cat-dusas-zeleja","7":"product_cat-kermena-kopsana","8":"product_cat-uncategorized","9":"product_tag-dove","10":"product_tag-dusas-zeleja","12":"first","13":"instock","14":"sale","15":"taxable","16":"shipping-taxable","17":"purchasable","18":"product-type-simple"},"_links":{"self":[{"href":"https:\/\/kate-beautynow.com\/index.php?rest_route=\/wp\/v2\/product\/13","targetHints":{"allow":["GET"]}}],"collection":[{"href":"https:\/\/kate-beautynow.com\/index.php?rest_route=\/wp\/v2\/product"}],"about":[{"href":"https:\/\/kate-beautynow.com\/index.php?rest_route=\/wp\/v2\/types\/product"}],"replies":[{"embeddable":true,"href":"https:\/\/kate-beautynow.com\/index.php?rest_route=%2Fwp%2Fv2%2Fcomments&post=13"}],"wp:featuredmedia":[{"embeddable":true,"href":"https:\/\/kate-beautynow.com\/index.php?rest_route=\/wp\/v2\/media\/74"}],"wp:attachment":[{"href":"https:\/\/kate-beautynow.com\/index.php?rest_route=%2Fwp%2Fv2%2Fmedia&parent=13"}],"wp:term":[{"taxonomy":"product_brand","embeddable":true,"href":"https:\/\/kate-beautynow.com\/index.php?rest_route=%2Fwp%2Fv2%2Fproduct_brand&post=13"},{"taxonomy":"product_cat","embeddable":true,"href":"https:\/\/kate-beautynow.com\/index.php?rest_route=%2Fwp%2Fv2%2Fproduct_cat&post=13"},{"taxonomy":"product_tag","embeddable":true,"href":"https:\/\/kate-beautynow.com\/index.php?rest_route=%2Fwp%2Fv2%2Fproduct_tag&post=13"}],"curies":[{"name":"wp","href":"https:\/\/api.w.org\/{rel}","templated":true}]}}